{"id":3,"date":"2021-04-06T09:28:03","date_gmt":"2021-04-06T09:28:03","guid":{"rendered":"http:\/\/abraxan-productions.com\/?page_id=3"},"modified":"2022-01-27T13:10:18","modified_gmt":"2022-01-27T13:10:18","slug":"mentions-legales","status":"publish","type":"page","link":"https:\/\/abraxan-productions.com\/index.php\/mentions-legales\/","title":{"rendered":"Mentions l\u00e9gales"},"content":{"rendered":"\t\t<div data-elementor-type=\"wp-page\" data-elementor-id=\"3\" class=\"elementor elementor-3\" data-elementor-post-type=\"page\">\n\t\t\t\t\t\t\t\t\t<section class=\"elementor-section elementor-top-section elementor-element elementor-element-25a6538f elementor-section-boxed elementor-section-height-default elementor-section-height-default edgtf-parallax-row-no edgtf-content-aligment-left edgtf-elementor-row-grid-no edgtf-disabled-bg-image-bellow-no\" data-id=\"25a6538f\" data-element_type=\"section\">\n\t\t\t\t\t\t<div class=\"elementor-container elementor-column-gap-default\">\n\t\t\t\t\t<div class=\"elementor-column elementor-col-100 elementor-top-column elementor-element elementor-element-5881c60d\" data-id=\"5881c60d\" data-element_type=\"column\">\n\t\t\t<div class=\"elementor-widget-wrap elementor-element-populated\">\n\t\t\t\t\t\t\t\t<div class=\"elementor-element elementor-element-31b467c4 elementor-widget elementor-widget-text-editor\" data-id=\"31b467c4\" data-element_type=\"widget\" data-widget_type=\"text-editor.default\">\n\t\t\t\t<div class=\"elementor-widget-container\">\n\t\t\t\t\t\t\t<p><b>OBJET DU SITE ABRAXAN-PRODUCTIONS.COM<\/b><o:p><\/o:p><\/p>\n<p>ABRAXAN-PRODUCTIONS.COM est un site exposant nos prestations et productions. Ce site propose aux visiteurs d\u00e9sireux de promouvoir leursactivit\u00e9s une panoplie de prestations vid\u00e9os. Il permet au public concern\u00e9 de nous solliciter pour l\u2019obtention d\u2019un Devis gratuit.<\/p>\n<p><o:p><\/o:p><\/p>\n<p>Toutes les informations diffus\u00e9es sur ABRAXAN-PRODUCTIONS.COM ne constituent en aucune fa\u00e7on une offre d\u2019achat ou de vente. Les informations sont donn\u00e9es \u00e0 titre purement indicatif et ABRAXAN-PRODUCTIONS.COM ne garantit ni leur exactitude, ni leur actualit\u00e9, ni leur exhaustivit\u00e9.<\/p>\n<p><b>NOTRE POLITIQUE DE CONFIDENTIALIT\u00c9<\/b><\/p>\n<p>Mise \u00e0 jour Politique de confidentialit\u00e9 : 2019.05.21<o:p><\/o:p><\/p>\n<p><o:p>&nbsp;<\/o:p><\/p>\n<p><b>PR\u00c9SENTATION<\/b><\/p>\n<p><o:p><\/o:p><\/p>\n<p><o:p>&nbsp;<\/o:p><\/p>\n<p>Ce Site est d\u00e9tenu par ABRAXAN-PRODUCTIONS.COM. Dans ce document, \u00ab&nbsp;nous&nbsp;\u00bb, \u00ab&nbsp;notre&nbsp;\u00bb et \u00ab&nbsp;nos&nbsp;\u00bb font r\u00e9f\u00e9rence \u00e0 ABRAXAN-PRODUCTIONS.COM.<o:p><\/o:p><\/p>\n<p>Comme de nombreux sites Internet, nous recueillons des informations de la part de nos visiteurs (par exemple, statistiques g\u00e9n\u00e9rales sur les pages les plus consult\u00e9es de notre Site). La pr\u00e9sente Politique sur le respect de la vie priv\u00e9e (la \u00ab&nbsp;Politique de confidentialit\u00e9&nbsp;\u00bb) a pour objet de vous informer sur nos pratiques en mati\u00e8re de recueil des informations sur ce Site, c\u2019est-\u00e0-dire:<\/p>\n<p><b>\u2022<\/b> sur la mani\u00e8re dont nous les recueillons,<o:p><\/o:p><\/p>\n<p><o:p>&nbsp;<\/o:p><b>\u2022<\/b> le type d\u2019informations que nous recueillons,<\/p>\n<p><o:p><\/o:p><\/p>\n<p><o:p>&nbsp;<\/o:p><b>\u2022<\/b> pourquoi nous les recueillons,<\/p>\n<p><o:p><\/o:p><\/p>\n<p><b><o:p>&nbsp;<\/o:p>\u2022 <\/b>comment nous les utilisons,<\/p>\n<p><o:p><\/o:p><\/p>\n<p><b><o:p>&nbsp;<\/o:p>\u2022<\/b> avec qui nous les partageons,<\/p>\n<p><b>&nbsp;\u2022 <\/b>de quelle mani\u00e8re vous pouvez consulter, modifier et supprimer les informations que nous avons recueillies de votre part,<o:p><\/o:p><\/p>\n<p><o:p>&nbsp;<\/o:p><b>\u2022<\/b> et quels moyens de s\u00e9curit\u00e9 nous utilisons pour prot\u00e9ger les informations que vous fournissez<\/p>\n<p><br><\/p>\n<p>Avant d\u2019utiliser ce Site, et en particulier avant de soumettre par l\u2019interm\u00e9diaire de ce site des informations personnellement identifiables, vous devez prendre connaissance de la pr\u00e9sente Politique dans son int\u00e9gralit\u00e9 et confirmer que vous l\u2019acceptez.<\/p>\n<p>Si vous n\u2019acceptez pas les termes et conditions de la Politique :<o:p><\/o:p><\/p>\n<p><o:p>&nbsp;<\/o:p><b>\u2022<\/b> ne soumettez aucune information personnellement identifiable par le biais de ce Site,&nbsp;<\/p>\n<p><span style=\"background-color: rgb(255, 255, 255); font-weight: 700;\">&nbsp;\u2022<\/span>&nbsp;veuillez d\u00e9sactiver l\u2019enregistrement des Cookies sur votre poste. A noter : une telle d\u00e9sactivation pourrait emp\u00eacher l\u2019utilisation de certaines fonctionnalit\u00e9s de ce Site.<o:p><\/o:p><\/p>\n<p><o:p>&nbsp;<\/o:p><\/p>\n<p><b>CHAMP D\u2019APPLICATION<\/b><\/p>\n<p><b><br><\/b><\/p>\n<p>Attention, cette Politique s\u2019applique exclusivement au pr\u00e9sent Site.<\/p>\n<p>Au sein de ce Site vous sont propos\u00e9s des liens ou r\u00e9f\u00e9rences vers d\u2019autres sites Internet, qui ne sont pas couverts par cette Politique et dont les pratiques en mati\u00e8re de traitement des informations sont probablement diff\u00e9rentes. Nous vous encourageons \u00e0 lire la politique sur le respect de la vie priv\u00e9e de chaque site Internet visit\u00e9. Nous citons ces r\u00e9f\u00e9rences et ces liens car nous pensons qu\u2019ils peuvent vous int\u00e9resser, mais cela ne signifie pas que nous cautionnons ces sites, leur contenu ou leurs pratiques en mati\u00e8re de traitement des informations. Vos interactions avec ces sites Internet engagent votre propre responsabilit\u00e9.<o:p><\/o:p><\/p>\n<p><o:p>&nbsp;<\/o:p><\/p>\n<p><b>RECUEIL ACTIF D\u2019INFORMATIONS<\/b><o:p><\/o:p><\/p>\n<p><o:p>&nbsp;<\/o:p><\/p>\n<p>Le recueil actif d\u2019informations correspond aux situations dans lesquelles vous nous communiquez des informations en vous enregistrant<br>pour recevoir une Lettre d\u2019information ou encore en nous transmettant un message par le syst\u00e8me de r\u00e9ponse par courriel propos\u00e9 sur ce Site. Le recueil<br>actif d\u2019informations peut inclure \u00e0 la fois des informations personnellement identifiables (par exemple, votre nom complet) et des informations non<br>personnellement identifiables (par exemple, votre Code postal).<o:p><\/o:p><\/p>\n<p><o:p>&nbsp;<\/o:p>Ce Site vous propose un formulaire de demande de Devis que vous pouvez utiliser pour nous faire part de vos projets ; nous vous demandons alors de fournir des informations personnellement identifiables, telles que votre nom et votre adresse de courriel. Nous utilisons les informations que vous avez d\u00e9cid\u00e9es de nous communiquer afin de pouvoir vous retourner une r\u00e9ponse personnalis\u00e9e.<\/p>\n<p><o:p><\/o:p><\/p>\n<p><o:p>&nbsp;<\/o:p><\/p>\n<p><b>RECUEIL PASSIF D\u2019INFORMATIONS<o:p><\/o:p><\/b><\/p>\n<p><o:p>&nbsp;<\/o:p><\/p>\n<p>Le recueil passif d\u2019informations fait r\u00e9f\u00e9rence aux situations dans lesquelles nous recueillons de votre part des informations que vous ne nous avez pas fournies de mani\u00e8re active.<o:p><\/o:p><\/p>\n<p>Nous utilisons des technologies particuli\u00e8res afin de recueillir des informations de mani\u00e8re passive pendant que vous visitez notre site. Ces technologies nous permettent de recueillir certains types d\u2019informations non personnellement identifiables, parmi lesquelles:<\/p>\n<p><b>&nbsp;\u2022<\/b> votre nom de domaine Internet,<\/p>\n<p><b>&nbsp;\u2022<\/b> le type de navigateur Internet que vous utilisez,<\/p>\n<p><b>&nbsp;\u2022 <\/b>votre syst\u00e8me d\u2019exploitation,<\/p>\n<p>&nbsp;<b>\u2022<\/b> la date et l\u2019heure auxquelles vous consultez le Site,<\/p>\n<p><b>&nbsp;\u2022<\/b> les pages sp\u00e9cifiques que vous visitez<\/p>\n<p><b>&nbsp;\u2022 <\/b>et l\u2019adresse du site Internet sur lequel vous \u00e9tiez avant d\u2019entrer dans ce Site.<o:p><\/o:p><\/p>\n<p><o:p>&nbsp;<\/o:p><\/p>\n<p>Nous n\u2019\u00e9tablissons pas de lien entre les informations non personnellement identifiables recueillies et les informations personnellement identifiables que vous avez activement fournies ailleurs sur ce Site. Nous nous r\u00e9servons le droit de partager avec des tiers, y compris nos partenaires commerciaux et publicitaires, les informations globales anonymes recueillies passivement via ce Site.<o:p><\/o:p><\/p>\n<p><o:p>&nbsp;<\/o:p><\/p>\n<p>Ce site utilise Google Analytics, un service d\u2019analyse de site internet fourni par Google Inc. (\u00ab Google \u00bb). Google Analytics utilise des cookies, qui sont des fichiers texte plac\u00e9s sur votre ordinateur, pour aider le site internet \u00e0 analyser l\u2019utilisation du site par ses utilisateurs. Les donn\u00e9es g\u00e9n\u00e9r\u00e9es par les cookies concernant votre utilisation du site (y compris votre adresse IP) seront transmises et stock\u00e9es par Google sur des serveurs situ\u00e9s aux \u00c9tats-Unis. Google :<\/p>\n<p>&nbsp;<b>\u2022 <\/b>utilisera cette information dans le but d\u2019\u00e9valuer votre utilisation du site, de compiler des rapports sur l\u2019activit\u00e9 du site \u00e0 destination de ABRAXAN-PRODUCTIONS.COM et de fournir d\u2019autres services relatifs \u00e0 l\u2019activit\u00e9 du site et \u00e0 l\u2019utilisation d\u2019Internet,<\/p>\n<p>&nbsp;<b>\u2022 <\/b>est susceptible de communiquer ces donn\u00e9es \u00e0 des tiers encas d\u2019obligation l\u00e9gale,<\/p>\n<p>&nbsp;<b>\u2022 <\/b>ne recoupera pas votre adresse IP avec toute autre donn\u00e9e d\u00e9tenue par Google.<o:p><\/o:p><\/p>\n<p><br><\/p>\n<p>Vous pouvez d\u00e9sactiver l\u2019utilisation de cookies en s\u00e9lectionnant les param\u00e8tres appropri\u00e9s de votre navigateur. Cependant, une telle d\u00e9sactivation pourrait emp\u00eacher l\u2019utilisation de certaines fonctionnalit\u00e9s de ce Site.<\/p>\n<p>En utilisant ce Site, vous consentez express\u00e9ment au traitement de vos donn\u00e9es nominatives par Google dans les conditions et pour les finalit\u00e9s d\u00e9crites ci-dessus.<o:p><\/o:p><\/p>\n<p><o:p>&nbsp;<\/o:p><\/p>\n<p><b>UTILISATION DE VOS INFORMATIONS<o:p><\/o:p><\/b><\/p>\n<p><o:p><b>&nbsp;<\/b><\/o:p><\/p>\n<p>Les informations personnellement identifiables que nous recueillons de votre part seront exclusivement utilis\u00e9es et communiqu\u00e9es conform\u00e9ment \u00e0 la pr\u00e9sente Politique, ou tel que cela vous est sp\u00e9cifiquement indiqu\u00e9 au moment o\u00f9 vous fournissez les informations.&nbsp;Nous ne vendrons pas, ni ne c\u00e9derons, transf\u00e9rerons, partagerons ou d\u2019une autre mani\u00e8re permettrons l\u2019acc\u00e8s aux informations personnellement identifiables \u00e0 un quelconque tiers.<o:p><\/o:p><\/p>\n<p><o:p>&nbsp;<\/o:p><\/p>\n<p><b>RETRAIT<\/b><o:p><\/o:p><\/p>\n<p><o:p>&nbsp;<\/o:p><\/p>\n<p>Conform\u00e9ment \u00e0 :<\/p>\n<p>\u2022 la loi \u00ab&nbsp;Informatique et Libert\u00e9s&nbsp;\u00bb du 6 janvier 1978 (articles 38, 39 et 40)<\/p>\n<p>\u2022 et au&nbsp;r\u00e8glement europ\u00e9en RGPD&nbsp;(R\u00e8glement G\u00e9n\u00e9ral sur la Protection des Donn\u00e9es) du 14 avril 2016<\/p>\n<p><br><\/p>\n<p>vous b\u00e9n\u00e9ficiez d\u2019un droit d\u2019acc\u00e8s, d\u2019opposition et de rectification des donn\u00e9es qui vous concernent. Si vous souhaitez exercer ce droit et\/ou obtenir communication des informations vous concernant, veuillez nous transmettre votre requ\u00eate par courriel \u00e0&nbsp;contact@abraxan-productions.com.<o:p><\/o:p><\/p>\n<p><o:p>&nbsp;<\/o:p><\/p>\n<p><b>MODIFICATIONS DE CETTE POLITIQUE<\/b><o:p><\/o:p><\/p>\n<p><o:p>&nbsp;<\/o:p><\/p>\n<p>Nous nous r\u00e9servons le droit de modifier cette Politique \u00e0 tout moment \u00e0 notre seule discr\u00e9tion. Si nous modifions la Politique, la nouvelle Politique sera publi\u00e9e ici, avec sa date de r\u00e9vision, et toutes les informations recueillies apr\u00e8s la publication de ces modifications seront soumises \u00e0 la nouvelle Politique. Nous voulons toutefois que vous sachiez qu\u2019avant d\u2019utiliser ou de communiquer vos informations personnellement identifiables recueillies pr\u00e9c\u00e9demment d\u2019une mani\u00e8re mat\u00e9riellement diff\u00e9rente de celle dont vous avez convenu, nous commencerons par nous assurer que vous acceptez une telle utilisation ou communication. En l\u2019absence de votre consentement, nous utiliserons vos informations personnellement identifiables conform\u00e9ment \u00e0 la Politique en vigueur au moment o\u00f9 nous avons recueilli les informations. Si vous n\u2019acceptez pas les termes et les conditions de la nouvelle Politique, vous devrez \u00eatre radi\u00e9(e) du programme ou du service auquel vous \u00e9tiez initialement inscrit(e).<o:p><\/o:p><\/p>\n<p><o:p>&nbsp;<\/o:p><\/p>\n<p><b>LIENS HYPERTEXTES \u2013 BANNI\u00c8RES<o:p><\/o:p><\/b><\/p>\n<p><o:p>&nbsp;<\/o:p><\/p>\n<p>Le site&nbsp;<span style=\"background-color: rgb(255, 255, 255);\">ABRAXAN-PRODUCTIONS.COM<\/span>&nbsp;peut proposer des liens vers d\u2019autres sites. Ces liens ne constituent, en aucun cas, une approbation ou un<br>partenariat entre ABRAXAN-PRODUCTIONS.COM et ces sites. D\u00e8s lors, nous ne saurions \u00eatre responsables des contenus, produits, publicit\u00e9s ou tout \u00e9l\u00e9ment ou service pr\u00e9sent\u00e9s sur ces sites. Nous vous recommandons de contr\u00f4ler les conditions g\u00e9n\u00e9rales d\u2019utilisations et de confidentialit\u00e9 de ces sites.<\/p>\n<p>Tout lien hypertexte, de quelque nature qu\u2019il soit, permettant d\u2019acc\u00e9der au site ABRAXAN-PRODUCTIONS.COM ou \u00e0 l\u2019une quelconque de ses pages ou de ses \u00e9l\u00e9ments, n\u00e9cessite notre autorisation pr\u00e9alable.<\/p>\n<p>En aucun cas les pages du site ABRAXAN-PRODUCTIONS.COM ne doivent se trouver imbriqu\u00e9es \u00e0 l\u2019int\u00e9rieur des pages d\u2019un autre site. Tout doit \u00eatre fait pour indiquer clairement \u00e0 l\u2019utilisateur qu\u2019il se trouve sur le site ABRAXAN-PRODUCTIONS.COM et lui permettre d\u2019y naviguer librement.<o:p><\/o:p><\/p>\n<p><o:p>&nbsp;<\/o:p><\/p>\n<p><b>PROPRI\u00c9T\u00c9 IMMAT\u00c9RIELLE<\/b><o:p><\/o:p><\/p>\n<p><o:p>&nbsp;<\/o:p><\/p>\n<p><\/p>\n<p><span style=\"background-color: rgb(255, 255, 255);\">ABRAXAN-PRODUCTIONS.COM<\/span><span style=\"background-color: rgb(255, 255, 255);\">&nbsp;<\/span>et notamment tous les \u00e9l\u00e9ments visuels, qu\u2019ils soient ou non d\u00e9pos\u00e9s \u00e0 titre de marque ou \u00e0 un autre titre, qu\u2019ils soient ou<br>non accompagn\u00e9s des sigles, \u00ae, ou \u00a9, de m\u00eame que la pr\u00e9sentation et le contenu de tous les articles, et plus g\u00e9n\u00e9ralement toute information figurant sur le Site est la propri\u00e9t\u00e9 exclusive de ABRAXAN-PRODUCTIONS.COM ou de tiers avec lesquels nous avons conclu des accords en permettant la diffusion.<br>L\u2019utilisateur ne dispose pas du droit de les reproduire, de les diffuser ou plus g\u00e9n\u00e9ralement du droit de les exploiter par quelque moyen que ce soit hors<br>le consentement pr\u00e9alable, expr\u00e8s et par \u00e9crit. Toute utilisation des donn\u00e9es ou informations provenant de ABRAXAN-PRODUCTIONS.COM doit obligatoirement mentionner ABRAXAN-PRODUCTIONS.COM en tant que source d\u2019information et est imp\u00e9rativement subordonn\u00e9e \u00e0 l\u2019obtention pr\u00e9alable de notre autorisation \u00e9crite formelle. A d\u00e9faut d\u2019obtention d\u2019une telle autorisation, l\u2019utilisateur s\u2019expose \u00e0 des poursuites p\u00e9nales.<o:p><\/o:p><\/p>\t\t\t\t\t\t<\/div>\n\t\t\t\t<\/div>\n\t\t\t\t<div class=\"elementor-element elementor-element-43c0684 elementor-widget elementor-widget-text-editor\" data-id=\"43c0684\" data-element_type=\"widget\" data-widget_type=\"text-editor.default\">\n\t\t\t\t<div class=\"elementor-widget-container\">\n\t\t\t\t\t\t\t<p>Quel que soit le choix de votre support d&rsquo;expression, nous avons une solution professionnelle adapt\u00e9e \u00e0 votre besoin et \u00e0 votre budget.<\/p>\t\t\t\t\t\t<\/div>\n\t\t\t\t<\/div>\n\t\t\t\t\t<\/div>\n\t\t<\/div>\n\t\t\t\t\t\t\t<\/div>\n\t\t<\/section>\n\t\t\t\t\t\t\t<\/div>\n\t\t","protected":false},"excerpt":{"rendered":"<p>OBJET DU SITE ABRAXAN-PRODUCTIONS.COM ABRAXAN-PRODUCTIONS.COM est un site exposant nos prestations et productions. Ce site propose aux visiteurs d\u00e9sireux de promouvoir leursactivit\u00e9s une panoplie de prestations vid\u00e9os. Il permet au public concern\u00e9 de nous solliciter pour l\u2019obtention d\u2019un Devis gratuit. [&hellip;]<\/p>\n","protected":false},"author":1,"featured_media":0,"parent":0,"menu_order":0,"comment_status":"closed","ping_status":"closed","template":"","meta":{"footnotes":""},"class_list":["post-3","page","type-page","status-publish","hentry"],"_links":{"self":[{"href":"https:\/\/abraxan-productions.com\/index.php\/wp-json\/wp\/v2\/pages\/3","targetHints":{"allow":["GET"]}}],"collection":[{"href":"https:\/\/abraxan-productions.com\/index.php\/wp-json\/wp\/v2\/pages"}],"about":[{"href":"https:\/\/abraxan-productions.com\/index.php\/wp-json\/wp\/v2\/types\/page"}],"author":[{"embeddable":true,"href":"https:\/\/abraxan-productions.com\/index.php\/wp-json\/wp\/v2\/users\/1"}],"replies":[{"embeddable":true,"href":"https:\/\/abraxan-productions.com\/index.php\/wp-json\/wp\/v2\/comments?post=3"}],"version-history":[{"count":4,"href":"https:\/\/abraxan-productions.com\/index.php\/wp-json\/wp\/v2\/pages\/3\/revisions"}],"predecessor-version":[{"id":797,"href":"https:\/\/abraxan-productions.com\/index.php\/wp-json\/wp\/v2\/pages\/3\/revisions\/797"}],"wp:attachment":[{"href":"https:\/\/abraxan-productions.com\/index.php\/wp-json\/wp\/v2\/media?parent=3"}],"curies":[{"name":"wp","href":"https:\/\/api.w.org\/{rel}","templated":true}]}}